{"id":23934,"date":"2026-03-04T16:35:11","date_gmt":"2026-03-04T21:35:11","guid":{"rendered":"https:\/\/www.tripcentral.ca\/blog\/?page_id=23934"},"modified":"2026-03-04T16:35:12","modified_gmt":"2026-03-04T21:35:12","slug":"nouvelles","status":"publish","type":"page","link":"https:\/\/www.tripvoyage.ca\/blog\/nouvelles\/","title":{"rendered":"Nouvelles"},"content":{"rendered":"<ul class=\"wp-block-latest-posts__list wp-block-latest-posts\"><li><div class=\"wp-block-latest-posts__featured-image\"><img width=\"150\" height=\"150\" src=\"https:\/\/www.tripvoyage.ca\/blog\/wp-content\/uploads\/2026\/03\/BLOG-ASSETS-2-150x150.png\" class=\"attachment-thumbnail size-thumbnail wp-post-image\" alt=\"\" decoding=\"async\" loading=\"lazy\" style=\"\" srcset=\"https:\/\/www.tripvoyage.ca\/blog\/wp-content\/uploads\/2026\/03\/BLOG-ASSETS-2-150x150.png 150w, https:\/\/www.tripvoyage.ca\/blog\/wp-content\/uploads\/2026\/03\/BLOG-ASSETS-2-37x37.png 37w, https:\/\/www.tripvoyage.ca\/blog\/wp-content\/uploads\/2026\/03\/BLOG-ASSETS-2-128x128.png 128w, https:\/\/www.tripvoyage.ca\/blog\/wp-content\/uploads\/2026\/03\/BLOG-ASSETS-2-184x184.png 184w, https:\/\/www.tripvoyage.ca\/blog\/wp-content\/uploads\/2026\/03\/BLOG-ASSETS-2-120x120.png 120w\" sizes=\"(max-width: 150px) 100vw, 150px\" \/><\/div><a class=\"wp-block-latest-posts__post-title\" href=\"https:\/\/www.tripvoyage.ca\/blog\/reserver-cuba-en-2026-la-verite-pour-les-voyageurs-canadiens\/\">R\u00e9server Cuba en 2026: La v\u00e9rit\u00e9 pour les voyageurs canadiens<\/a><\/li>\n<li><div class=\"wp-block-latest-posts__featured-image\"><img width=\"150\" height=\"10\" src=\"https:\/\/www.tripvoyage.ca\/blog\/wp-content\/uploads\/2021\/03\/SurveyResultsBanner-01Mar2021-150x10.jpg\" class=\"attachment-thumbnail size-thumbnail wp-post-image\" alt=\"\" decoding=\"async\" loading=\"lazy\" style=\"\" srcset=\"https:\/\/www.tripvoyage.ca\/blog\/wp-content\/uploads\/2021\/03\/SurveyResultsBanner-01Mar2021-150x10.jpg 150w, https:\/\/www.tripvoyage.ca\/blog\/wp-content\/uploads\/2021\/03\/SurveyResultsBanner-01Mar2021-136x10.jpg 136w, https:\/\/www.tripvoyage.ca\/blog\/wp-content\/uploads\/2021\/03\/SurveyResultsBanner-01Mar2021-128x10.jpg 128w, https:\/\/www.tripvoyage.ca\/blog\/wp-content\/uploads\/2021\/03\/SurveyResultsBanner-01Mar2021-140x10.jpg 140w\" sizes=\"(max-width: 150px) 100vw, 150px\" \/><\/div><a class=\"wp-block-latest-posts__post-title\" href=\"https:\/\/www.tripvoyage.ca\/blog\/restrictions-de-voyage-pour-les-canadiens-vaccines\/\">Restrictions de voyage pour les Canadiens<\/a><\/li>\n<li><div class=\"wp-block-latest-posts__featured-image\"><img width=\"150\" height=\"150\" src=\"https:\/\/www.tripvoyage.ca\/blog\/wp-content\/uploads\/2020\/03\/Airplane-on-Blue-Sky_b-150x150.jpg\" class=\"attachment-thumbnail size-thumbnail wp-post-image\" alt=\"\" decoding=\"async\" loading=\"lazy\" style=\"\" srcset=\"https:\/\/www.tripvoyage.ca\/blog\/wp-content\/uploads\/2020\/03\/Airplane-on-Blue-Sky_b-150x150.jpg 150w, https:\/\/www.tripvoyage.ca\/blog\/wp-content\/uploads\/2020\/03\/Airplane-on-Blue-Sky_b-37x37.jpg 37w, https:\/\/www.tripvoyage.ca\/blog\/wp-content\/uploads\/2020\/03\/Airplane-on-Blue-Sky_b-128x128.jpg 128w, https:\/\/www.tripvoyage.ca\/blog\/wp-content\/uploads\/2020\/03\/Airplane-on-Blue-Sky_b-184x184.jpg 184w\" sizes=\"(max-width: 150px) 100vw, 150px\" \/><\/div><a class=\"wp-block-latest-posts__post-title\" href=\"https:\/\/www.tripvoyage.ca\/blog\/reservation-de-voyage-pendant-covid-19\/\">R\u00e9servation de voyages pendant COVID-19<\/a><\/li>\n<\/ul>","protected":false},"excerpt":{"rendered":"","protected":false},"author":346,"featured_media":0,"parent":0,"menu_order":0,"comment_status":"closed","ping_status":"closed","template":"","meta":{"_lmt_disableupdate":"","_lmt_disable":""},"_links":{"self":[{"href":"https:\/\/www.tripvoyage.ca\/blog\/wp-json\/wp\/v2\/pages\/23934"}],"collection":[{"href":"https:\/\/www.tripvoyage.ca\/blog\/wp-json\/wp\/v2\/pages"}],"about":[{"href":"https:\/\/www.tripvoyage.ca\/blog\/wp-json\/wp\/v2\/types\/page"}],"author":[{"embeddable":true,"href":"https:\/\/www.tripvoyage.ca\/blog\/wp-json\/wp\/v2\/users\/346"}],"replies":[{"embeddable":true,"href":"https:\/\/www.tripvoyage.ca\/blog\/wp-json\/wp\/v2\/comments?post=23934"}],"version-history":[{"count":1,"href":"https:\/\/www.tripvoyage.ca\/blog\/wp-json\/wp\/v2\/pages\/23934\/revisions"}],"predecessor-version":[{"id":23935,"href":"https:\/\/www.tripvoyage.ca\/blog\/wp-json\/wp\/v2\/pages\/23934\/revisions\/23935"}],"wp:attachment":[{"href":"https:\/\/www.tripvoyage.ca\/blog\/wp-json\/wp\/v2\/media?parent=23934"}],"curies":[{"name":"wp","href":"https:\/\/api.w.org\/{rel}","templated":true}]}}